{"id":416,"date":"2024-10-07T13:23:11","date_gmt":"2024-10-07T13:23:11","guid":{"rendered":"https:\/\/javiergonzalezmartin.com\/?post_type=product&#038;p=416"},"modified":"2025-10-23T17:51:26","modified_gmt":"2025-10-23T17:51:26","slug":"bandeja-5","status":"publish","type":"product","link":"https:\/\/javiergonzalezmartin.com\/index.php\/product\/bandeja-5\/","title":{"rendered":"Bandeja 3"},"content":{"rendered":"<p><strong>TURRONES Y DULCES<\/strong><\/p>\n<p>1 Turr\u00f3n Alicante El Veinticinco D.O. Jijona 150 g<\/p>\n<p>1 Turr\u00f3n Jjona El Veinticinco D.O. Jijona 150 g<\/p>\n<p>1 Turr\u00f3n Guirlache de Cacahuete 25 150g<\/p>\n<p>1 Chocolate Crujiente Clavile\u00f1o 100g<\/p>\n<p>1 Figuritas de Mazap\u00e1n El Veinticinco 100g<\/p>\n<p>1 Panettone con Chocolate\/Frutas Muffins 500g Aut\u00e9ntico Italiano<\/p>\n<p>1 Surtido Tradicional La Estepe\u00f1a 150g<\/p>\n<p>1 Mantecados de Mantequilla La Estepe\u00f1a 150g<\/p>\n<p>1 Chocolate a la Taza Clavile\u00f1o 200g<\/p>\n<p>1 Galletas Danesas Guest 454g<\/p>\n<p>1 Estrellas de Canela La Estepe\u00f1a 100g<\/p>\n<p>1 Barquillos Ba\u00f1ados al Cacao Artesan\u00eda 50g<\/p>\n<p>1 Chocolate con Avellana Xocotok Chocol Art 46g<\/p>\n<p><strong>EMBUTIDOS<\/strong><\/p>\n<p>1 Jam\u00f3n Serrano Campodulce de 6 a 6,5 Kg Aprox<\/p>\n<p>1 Fuet Ib\u00e9rico Azuaga 180g<\/p>\n<p><strong>CONSERVAS Y OTROS<\/strong><\/p>\n<p>1 Pat\u00e9 Ib\u00e9rico Pe\u00f1a Negra 83g<\/p>\n<p>1 Aceitunas Rellenas de Anchoa Ar\u00e1nzazu 280g\/Torre\u00f3n 300g<\/p>\n<p>1 Bonito en Aceite de Girasol D. Javier 212 g<\/p>\n<p>1 Aceite Virgen Extra Sierra Sur 250 ml<\/p>\n<p><strong>BEBIDAS<\/strong><\/p>\n<p>1 Sidra Palacio de Ria\u00f1o 75 cl<\/p>\n<p>1 Ron Blanco\/Dorado Aldea (La Palma) 70 cl<\/p>\n<p>1 Vino Tinto Vi\u00f1ape\u00f1a 75 cl<\/p>\n<p>&nbsp;<\/p>\n<p>&nbsp;<\/p>\n<p>&nbsp;<\/p>\n","protected":false},"excerpt":{"rendered":"<p>24 Art\u00edculos + Bandeja<\/p>\n","protected":false},"featured_media":761,"comment_status":"closed","ping_status":"closed","template":"","meta":[],"product_cat":[25],"product_tag":[],"class_list":{"0":"post-416","1":"product","2":"type-product","3":"status-publish","4":"has-post-thumbnail","6":"product_cat-bandeja","8":"first","9":"onbackorder","10":"shipping-taxable","11":"purchasable","12":"product-type-simple"},"_links":{"self":[{"href":"https:\/\/javiergonzalezmartin.com\/index.php\/wp-json\/wp\/v2\/product\/416","targetHints":{"allow":["GET"]}}],"collection":[{"href":"https:\/\/javiergonzalezmartin.com\/index.php\/wp-json\/wp\/v2\/product"}],"about":[{"href":"https:\/\/javiergonzalezmartin.com\/index.php\/wp-json\/wp\/v2\/types\/product"}],"replies":[{"embeddable":true,"href":"https:\/\/javiergonzalezmartin.com\/index.php\/wp-json\/wp\/v2\/comments?post=416"}],"wp:featuredmedia":[{"embeddable":true,"href":"https:\/\/javiergonzalezmartin.com\/index.php\/wp-json\/wp\/v2\/media\/761"}],"wp:attachment":[{"href":"https:\/\/javiergonzalezmartin.com\/index.php\/wp-json\/wp\/v2\/media?parent=416"}],"wp:term":[{"taxonomy":"product_cat","embeddable":true,"href":"https:\/\/javiergonzalezmartin.com\/index.php\/wp-json\/wp\/v2\/product_cat?post=416"},{"taxonomy":"product_tag","embeddable":true,"href":"https:\/\/javiergonzalezmartin.com\/index.php\/wp-json\/wp\/v2\/product_tag?post=416"}],"curies":[{"name":"wp","href":"https:\/\/api.w.org\/{rel}","templated":true}]}}